{"id":119266,"date":"2018-07-13T22:41:53","date_gmt":"2018-07-13T22:41:53","guid":{"rendered":"https:\/\/medmaris.net\/?page_id=119266"},"modified":"2023-02-21T18:04:18","modified_gmt":"2023-02-21T18:04:18","slug":"occupational-therapy","status":"publish","type":"page","link":"https:\/\/medmaris.net\/en\/occupational-therapy\/","title":{"rendered":"Occupational therapy"},"content":{"rendered":"<p>[et_pb_section fb_built=&#8221;1&#8243; fullwidth=&#8221;on&#8221; _builder_version=&#8221;4.16&#8243; global_colors_info=&#8221;{}&#8221;][et_pb_fullwidth_image src=&#8221;https:\/\/medmaris.net\/wp-content\/uploads\/2018\/08\/radna-terapija.jpg&#8221; _builder_version=&#8221;4.16&#8243; global_colors_info=&#8221;{}&#8221;][\/et_pb_fullwidth_image][\/et_pb_section][et_pb_section fb_built=&#8221;1&#8243; admin_label=&#8221;section&#8221; _builder_version=&#8221;4.16&#8243; transparent_background=&#8221;off&#8221; make_fullwidth=&#8221;off&#8221; use_custom_width=&#8221;off&#8221; width_unit=&#8221;off&#8221; custom_width_px=&#8221;1080px&#8221; custom_width_percent=&#8221;80%&#8221; global_colors_info=&#8221;{}&#8221;][et_pb_row admin_label=&#8221;row&#8221; _builder_version=&#8221;4.16&#8243; background_size=&#8221;initial&#8221; background_position=&#8221;top_left&#8221; background_repeat=&#8221;repeat&#8221; make_fullwidth=&#8221;off&#8221; use_custom_width=&#8221;off&#8221; width_unit=&#8221;off&#8221; custom_width_px=&#8221;1080px&#8221; custom_width_percent=&#8221;80%&#8221; global_colors_info=&#8221;{}&#8221;][et_pb_column type=&#8221;4_4&#8243; _builder_version=&#8221;4.16&#8243; custom_padding=&#8221;|||&#8221; global_colors_info=&#8221;{}&#8221; custom_padding__hover=&#8221;|||&#8221;][et_pb_text _builder_version=&#8221;4.16&#8243; background_size=&#8221;initial&#8221; background_position=&#8221;top_left&#8221; background_repeat=&#8221;repeat&#8221; use_border_color=&#8221;off&#8221; border_style=&#8221;solid&#8221; saved_tabs=&#8221;all&#8221; global_colors_info=&#8221;{}&#8221;]&nbsp;<\/p>\n<h1 style=\"text-align: center;\">Occupational therapy in&nbsp;<span style=\"font-weight: 400;\">MedMaris home<\/span><\/h1>\n<hr>\n<p>&nbsp;<br \/>\n[\/et_pb_text][et_pb_text _builder_version=&#8221;4.16&#8243; background_size=&#8221;initial&#8221; background_position=&#8221;top_left&#8221; background_repeat=&#8221;repeat&#8221; use_border_color=&#8221;off&#8221; border_style=&#8221;solid&#8221; inline_fonts=&#8221;Open Sans Light&#8221; global_colors_info=&#8221;{}&#8221;]<\/p>\n<p style=\"text-align: justify;\">In order to maintain and improve physical and psychic health, social communication is particularly significant for each user, as well as the ability to achieve as big independence as possible in performing everyday activities and maintaining a lifestyle.&nbsp; In order to make life in the home harmonious and agreeable, social worker at the beginning defines different needs of each user and on this basis recommends socialization methods. It is considered that lack of motivation is a much more present cause of the worsening of emotional state than physical illness, which is why in MedMaris home we keep creating and implementing occupational therapies in order to provide the users with mental sharpness, physical health and emotional wellbeing.<\/p>\n<p>[\/et_pb_text][\/et_pb_column][\/et_pb_row][\/et_pb_section][et_pb_section fb_built=&#8221;1&#8243; admin_label=&#8221;section&#8221; _builder_version=&#8221;4.16&#8243; transparent_background=&#8221;off&#8221; make_fullwidth=&#8221;off&#8221; use_custom_width=&#8221;off&#8221; width_unit=&#8221;off&#8221; custom_width_px=&#8221;1080px&#8221; custom_width_percent=&#8221;80%&#8221; global_colors_info=&#8221;{}&#8221;][et_pb_row admin_label=&#8221;row&#8221; _builder_version=&#8221;4.16&#8243; background_size=&#8221;initial&#8221; background_position=&#8221;top_left&#8221; background_repeat=&#8221;repeat&#8221; make_fullwidth=&#8221;off&#8221; use_custom_width=&#8221;off&#8221; width_unit=&#8221;off&#8221; custom_width_px=&#8221;1080px&#8221; custom_width_percent=&#8221;80%&#8221; global_colors_info=&#8221;{}&#8221;][et_pb_column type=&#8221;4_4&#8243; _builder_version=&#8221;4.16&#8243; custom_padding=&#8221;|||&#8221; global_colors_info=&#8221;{}&#8221; custom_padding__hover=&#8221;|||&#8221;][et_pb_image align_tablet=&#8221;center&#8221; align_last_edited=&#8221;on|desktop&#8221; _builder_version=&#8221;4.16&#8243; animation_style=&#8221;slide&#8221; animation_direction=&#8221;left&#8221; animation_duration=&#8221;500ms&#8221; animation_intensity_slide=&#8221;10%&#8221; use_border_color=&#8221;off&#8221; border_color=&#8221;#ffffff&#8221; border_width=&#8221;1px&#8221; border_style=&#8221;solid&#8221; sticky=&#8221;off&#8221; always_center_on_mobile=&#8221;on&#8221; global_colors_info=&#8221;{}&#8221; align_phone=&#8221;center&#8221;][\/et_pb_image][\/et_pb_column][\/et_pb_row][\/et_pb_section]<\/p>\n","protected":false},"excerpt":{"rendered":"<p>&nbsp; Occupational therapy in&nbsp;MedMaris home &nbsp; In order to maintain and improve physical and psychic health, social communication is particularly significant for each user, as well as the ability to achieve as big independence as possible in performing everyday activities and maintaining a lifestyle.&nbsp; In order to make life in the home harmonious and agreeable, [&hellip;]<\/p>\n","protected":false},"author":4,"featured_media":119531,"parent":0,"menu_order":0,"comment_status":"closed","ping_status":"closed","template":"","meta":{"_et_pb_use_builder":"on","_et_pb_old_content":"<span style=\"font-weight: 400;\">Za o\u010duvanje i unapre\u0111enje fizi\u010dkog i psihi\u010dkog zdravlja od posebnog je zna\u010daja dru\u0161tvena komunikacija svakog korisnika, kao i mogu\u0107nost da se iska\u017ee \u0161to ve\u0107a nezavisnost u obavljanju svakodnevnih\u00a0 aktivnosti i negovanju \u017eivotnog stila.<\/span>\r\n\r\n<span style=\"font-weight: 400;\">Kako bi \u017eivot u okviru doma bio harmoni\u010dan i dopadljiv, socijalni radnik na samom po\u010detku defini\u0161e razli\u010dite potrebe svakog korisnika i na osnovu toga preporu\u010duje metode socijalizacije.<\/span>\r\n\r\n<span style=\"font-weight: 400;\">Smatra se da\u00a0 je nedostatak motivacije mnogo \u010de\u0161\u0107i uzrok pogor\u0161anja emocionalnog stanja\u00a0 nego fizi\u010dka bolest, te se u okviru doma MedMaris\u00a0 kontinuirano osmi\u0161ljava i sprovodi okupaciono-radna terapija kako bi se korisnicima omogu\u0107ilo da zadr\u017ee mentalnu o\u0161trinu, fizi\u010dko zdravlje i emotivno blagostanje.<\/span>","_et_gb_content_width":"","footnotes":""},"class_list":["post-119266","page","type-page","status-publish","has-post-thumbnail","hentry"],"_links":{"self":[{"href":"https:\/\/medmaris.net\/en\/wp-json\/wp\/v2\/pages\/119266"}],"collection":[{"href":"https:\/\/medmaris.net\/en\/wp-json\/wp\/v2\/pages"}],"about":[{"href":"https:\/\/medmaris.net\/en\/wp-json\/wp\/v2\/types\/page"}],"author":[{"embeddable":true,"href":"https:\/\/medmaris.net\/en\/wp-json\/wp\/v2\/users\/4"}],"replies":[{"embeddable":true,"href":"https:\/\/medmaris.net\/en\/wp-json\/wp\/v2\/comments?post=119266"}],"version-history":[{"count":5,"href":"https:\/\/medmaris.net\/en\/wp-json\/wp\/v2\/pages\/119266\/revisions"}],"predecessor-version":[{"id":119777,"href":"https:\/\/medmaris.net\/en\/wp-json\/wp\/v2\/pages\/119266\/revisions\/119777"}],"wp:featuredmedia":[{"embeddable":true,"href":"https:\/\/medmaris.net\/en\/wp-json\/wp\/v2\/media\/119531"}],"wp:attachment":[{"href":"https:\/\/medmaris.net\/en\/wp-json\/wp\/v2\/media?parent=119266"}],"curies":[{"name":"wp","href":"https:\/\/api.w.org\/{rel}","templated":true}]}}