{"id":119264,"date":"2018-07-13T22:40:34","date_gmt":"2018-07-13T22:40:34","guid":{"rendered":"https:\/\/medmaris.net\/?page_id=119264"},"modified":"2023-02-21T18:05:01","modified_gmt":"2023-02-21T18:05:01","slug":"the-main-services","status":"publish","type":"page","link":"https:\/\/medmaris.net\/en\/the-main-services\/","title":{"rendered":"The main services"},"content":{"rendered":"<p>[et_pb_section fb_built=&#8221;1&#8243; fullwidth=&#8221;on&#8221; _builder_version=&#8221;4.16&#8243; global_colors_info=&#8221;{}&#8221;][et_pb_fullwidth_image src=&#8221;https:\/\/medmaris.net\/wp-content\/uploads\/2018\/08\/nega-i-druge-usluge.jpg&#8221; _builder_version=&#8221;4.16&#8243; global_colors_info=&#8221;{}&#8221;][\/et_pb_fullwidth_image][\/et_pb_section][et_pb_section fb_built=&#8221;1&#8243; admin_label=&#8221;section&#8221; _builder_version=&#8221;4.16&#8243; transparent_background=&#8221;off&#8221; make_fullwidth=&#8221;off&#8221; use_custom_width=&#8221;off&#8221; width_unit=&#8221;off&#8221; custom_width_px=&#8221;1080px&#8221; custom_width_percent=&#8221;80%&#8221; global_colors_info=&#8221;{}&#8221;][et_pb_row admin_label=&#8221;row&#8221; _builder_version=&#8221;4.16&#8243; background_size=&#8221;initial&#8221; background_position=&#8221;top_left&#8221; background_repeat=&#8221;repeat&#8221; make_fullwidth=&#8221;off&#8221; use_custom_width=&#8221;off&#8221; width_unit=&#8221;off&#8221; custom_width_px=&#8221;1080px&#8221; custom_width_percent=&#8221;80%&#8221; global_colors_info=&#8221;{}&#8221;][et_pb_column type=&#8221;4_4&#8243; _builder_version=&#8221;4.16&#8243; custom_padding=&#8221;|||&#8221; global_colors_info=&#8221;{}&#8221; custom_padding__hover=&#8221;|||&#8221;][et_pb_text _builder_version=&#8221;4.16&#8243; background_size=&#8221;initial&#8221; background_position=&#8221;top_left&#8221; background_repeat=&#8221;repeat&#8221; use_border_color=&#8221;off&#8221; border_style=&#8221;solid&#8221; saved_tabs=&#8221;all&#8221; global_colors_info=&#8221;{}&#8221;]<\/p>\n<h1 style=\"text-align: center;\">The main services<\/h1>\n<hr>\n<p>[\/et_pb_text][et_pb_text _builder_version=&#8221;4.16&#8243; background_size=&#8221;initial&#8221; background_position=&#8221;top_left&#8221; background_repeat=&#8221;repeat&#8221; use_border_color=&#8221;off&#8221; border_style=&#8221;solid&#8221; inline_fonts=&#8221;Open Sans Light&#8221; global_colors_info=&#8221;{}&#8221;]<\/p>\n<p style=\"text-align: center;\">All users have general and consulting specialist services which include regular checkups of the general health, correction of medical therapies and other services.<\/p>\n<p style=\"text-align: center;\">In accordance with the individual needs of the users, a medical examination of the cardiologist is provided, as well as regular laboratory diagnostics. Constant and occasional users in need of special care get, in the infirmary equipped for such purposes, expert and permanent medical supervision with the therapy determined prior to coming to the infirmary.&nbsp;<\/p>\n<p style=\"text-align: center;\">These users have all the conditions for a quick recovery so that they can go back to their usual daily activities as soon as possible. The users have additional security that maximum expert medical help will be offered to them because eminent medical health institutions are nearby. MedMaris has concluded contracts on business collaboration with: general hospital and health center BELMEDIC, Clinical center of Serbia and Institute for cardiovascular diseases Dedinje, which are all 10 minutes away by car from MedMaris.<\/p>\n<p style=\"text-align: center;\">For good quality of life, aside from good care and attention to health, it is necessary to have content to make every day more rich and fulfilled. Due to that we offer massage, hair stylist, cosmetician and pedicure services with the intention of creating moments of relaxation which contribute significantly to more pleasure and social wellbeing.<\/p>\n<p style=\"text-align: center;\">Joint social activities are organized per users\u2019 wishes. Each individual is welcome to participate in the preparation, which makes the motivation greater and gives the sense of contributing to the community. Members of the family which are unable to visit often can make an agreement to have regular telephone or email notifications about the health condition of the user, as well as checkups which were performed. This way, the family has permanent insight into the physical, mental and emotional state of their family members. Special medical care for permanent and occasional users in the infirmary equipped for such purposes will offer the users an expert and permanent medical supervision.<\/p>\n<p style=\"text-align: center;\">These are all qualified and experienced nurses which perform all medical and non-medical services for users in need of special medical care.<\/p>\n<p style=\"text-align: center;\"><strong>Physical therapy: laser therapy, electrotherapy, TENS (<\/strong>transcutaneous electrical nerve stimulation<strong>) and IFS (<\/strong>interferential current therapy<strong>), magnetotherapy and ultrasound.<\/strong><\/p>\n<p style=\"text-align: center;\"><strong>&nbsp;Daily and all-day stay for temporary users in fully equipped communal space has the surface of 70m<sup>2<\/sup>. In order to make users life as good as possible, within the communal space, there is a space for occupational therapy and physical therapy, as well as rooms for planned activities such as hair appointments, cosmeticians, pedicure, etc.<\/strong><\/p>\n<p>[\/et_pb_text][\/et_pb_column][\/et_pb_row][\/et_pb_section]<\/p>\n","protected":false},"excerpt":{"rendered":"<p>The main services All users have general and consulting specialist services which include regular checkups of the general health, correction of medical therapies and other services. In accordance with the individual needs of the users, a medical examination of the cardiologist is provided, as well as regular laboratory diagnostics. Constant and occasional users in need [&hellip;]<\/p>\n","protected":false},"author":4,"featured_media":119531,"parent":0,"menu_order":0,"comment_status":"closed","ping_status":"closed","template":"","meta":{"_et_pb_use_builder":"on","_et_pb_old_content":"<span style=\"font-weight: 400;\">Sve korisnike je obezbe\u0111ena op\u0161ta i konzilijarna specijalisti\u010dka usluga \u0161to podrazumeva redovnu kontrolu op\u0161teg zdravstvenog stanja, korekciju medikamentoznih terapija i dr.<\/span>\r\n\r\n<span style=\"font-weight: 400;\">Prema individualnim potrebama svim korisnicima je obezbe\u0111en pregled interniste kardiologa kao i redovna laboratorijska dijagnostika.<\/span>\r\n\r\n<span style=\"font-weight: 400;\">Stalni i povremeni korisnici kojiima je potrebna posebna nega, u namenski opremljenom stacionaru dobijaju stru\u010dni i permanentni medicinski nadzor, uz terapiju koja je odre\u0111ena pre dolaska u stacionar. Ovim korisnicima \u0107e biti omogu\u0107en brz oporavak kako bi se \u0161to pre vratili svakodnevnim aktivnostima.<\/span>\r\n\r\n<span style=\"font-weight: 400;\">Dodatnu sigurnost da \u0107e korisnicima biti obezbe\u0111ena maksimalna stru\u010dna medicinska pomo\u0107 pru\u017ea blizina eminentnih zdravstvenih ustanova sa kojima MedMaris ima sklopljen ugovor o poslovnoj saradnji: Op\u0161te bolnice i Doma zdravlja BELMEDIC, te Klini\u010dkog Centra Srbije i Instituta za kardiovaskularne bolesti Dedinje od kojih je objekat MedMaris sme\u0161ten na 10 minuta vo\u017enje.<\/span>\r\n\r\n<span style=\"font-weight: 400;\">Za kvalitetan \u017eivot, osim\u00a0 dobre nege i brige o zdravlju potrebni su i sadr\u017eaji koji \u0107e svakodnevicu u\u010diniti lep\u0161om i bogatijom. Stoga su na raspolaganju usluge masa\u017ee, frizera, kozmeti\u010dara, pedikira sa namerom da omogu\u0107e trenutke opu\u0161tanja i zna\u010dajno doprinesu ve\u0107em zadovoljstvu i socijalnom blagostanju. Zajedni\u010dke dru\u0161tvene aktivnosti organizuju se prema \u017eelji korisnika, pri \u010demu je svakom pojedina\u010dno omogu\u0107eno anga\u017eovanje u pripremi, \u0161to motivaciju \u010dini ve\u0107om i daje ose\u0107aj doprinosa zajednici.<\/span>\r\n\r\n<span style=\"font-weight: 400;\">\u010clanove porodice koji nisu u prilici da \u010desto dolaze u posetu, po dogovoru redovno obave\u0161tavamo putem telefona ili elektronske po\u0161te o zdravstvenom stanju korisnika, kao i o pregledima koji su obavljeni. Na ovaj na\u010din se porodici pru\u017ea permanentan uvid u fizi\u010dko, mentalno i emocionalno stanje njihovih srodnika.<\/span>\r\n\r\n<b>Specijalna medicinska nega za stalne i povremene korisnike<\/b><span style=\"font-weight: 400;\">\u00a0u namenski opremljenom stacionaru koji \u0107e korisnicima nuditi stru\u010dan i permanentan medicinski nadzor gde \u0107e kvalifikovane i iskusne medicinske sestre obavljati sve medicinske i nemedicinske usluge za korisnike kojima je potrebna posebna medicinska nega.<\/span><span style=\"font-weight: 400;\">\r\n<\/span><b>Fizikalna terapija:\u00a0<\/b><span style=\"font-weight: 400;\">laser terapija, elektroterapija \u2013\u00a0<\/span><b>TENS<\/b><span style=\"font-weight: 400;\">\u00a0(transkutana elektronervna stimulacija) i IFS (interferentne struje), magnetoterapija, ultrazvuk.<\/span><span style=\"font-weight: 400;\">\r\n<\/span><b>Dnevni i celodnevni boravak<\/b><span style=\"font-weight: 400;\">\u00a0za povremene korisnike u bogato opremljenom dru\u0161tvenom prostoru od 70 m2 .<\/span><span style=\"font-weight: 400;\">\r\n<\/span><span style=\"font-weight: 400;\">Kako bi kvalitet \u017eivota korisnika u\u010dinili \u0161to boljim, u okviru dru\u0161tvenog prostora se nalazi prostor za radnu terapiju i fizioterapiju, kao i namenski isplanirane prostorije za uslu\u017ene delatnosti frizera, kozmeti\u010dara, pedikira itd.<\/span>","_et_gb_content_width":"","footnotes":""},"class_list":["post-119264","page","type-page","status-publish","has-post-thumbnail","hentry"],"_links":{"self":[{"href":"https:\/\/medmaris.net\/en\/wp-json\/wp\/v2\/pages\/119264"}],"collection":[{"href":"https:\/\/medmaris.net\/en\/wp-json\/wp\/v2\/pages"}],"about":[{"href":"https:\/\/medmaris.net\/en\/wp-json\/wp\/v2\/types\/page"}],"author":[{"embeddable":true,"href":"https:\/\/medmaris.net\/en\/wp-json\/wp\/v2\/users\/4"}],"replies":[{"embeddable":true,"href":"https:\/\/medmaris.net\/en\/wp-json\/wp\/v2\/comments?post=119264"}],"version-history":[{"count":5,"href":"https:\/\/medmaris.net\/en\/wp-json\/wp\/v2\/pages\/119264\/revisions"}],"predecessor-version":[{"id":119782,"href":"https:\/\/medmaris.net\/en\/wp-json\/wp\/v2\/pages\/119264\/revisions\/119782"}],"wp:featuredmedia":[{"embeddable":true,"href":"https:\/\/medmaris.net\/en\/wp-json\/wp\/v2\/media\/119531"}],"wp:attachment":[{"href":"https:\/\/medmaris.net\/en\/wp-json\/wp\/v2\/media?parent=119264"}],"curies":[{"name":"wp","href":"https:\/\/api.w.org\/{rel}","templated":true}]}}